{"id":20592,"date":"2022-12-28T11:49:31","date_gmt":"2022-12-28T10:49:31","guid":{"rendered":"https:\/\/julmarsa.com\/?page_id=20592"},"modified":"2024-03-01T13:24:12","modified_gmt":"2024-03-01T12:24:12","slug":"accessibility-help","status":"publish","type":"page","link":"https:\/\/julmarsa.com\/en\/accessibility-help\/","title":{"rendered":"Accessibility help"},"content":{"rendered":"<div class=\"fusion-fullwidth fullwidth-box fusion-builder-row-1 fusion-flex-container nonhundred-percent-fullwidth non-hundred-percent-height-scrolling\" style=\"--awb-border-radius-top-left:0px;--awb-border-radius-top-right:0px;--awb-border-radius-bottom-right:0px;--awb-border-radius-bottom-left:0px;--awb-flex-wrap:wrap;\" ><div class=\"fusion-builder-row fusion-row fusion-flex-align-items-flex-start fusion-flex-content-wrap\" style=\"max-width:1456px;margin-left: calc(-4% \/ 2 );margin-right: calc(-4% \/ 2 );\"><div class=\"fusion-layout-column fusion_builder_column fusion-builder-column-0 fusion_builder_column_1_1 1_1 fusion-flex-column\" style=\"--awb-bg-size:cover;--awb-width-large:100%;--awb-margin-top-large:0px;--awb-spacing-right-large:1.92%;--awb-margin-bottom-large:0px;--awb-spacing-left-large:1.92%;--awb-width-medium:100%;--awb-spacing-right-medium:1.92%;--awb-spacing-left-medium:1.92%;--awb-width-small:100%;--awb-spacing-right-small:1.92%;--awb-spacing-left-small:1.92%;\"><div class=\"fusion-column-wrapper fusion-flex-justify-content-flex-start fusion-content-layout-column\"><div class=\"fusion-text fusion-text-1\"><h2 id=\"tw-target-text\" class=\"tw-data-text tw-text-large tw-ta\" dir=\"ltr\" data-placeholder=\"Traducci\u00f3n\" data-ved=\"2ahUKEwix1JLU9tKEAxUcfKQEHcmfCXsQ3ewLegQIBRAT\"><span class=\"Y2IQFc\" lang=\"en\">Navigation help <\/span><\/h2>\n<div id=\"tw-target-text-container\" class=\"tw-ta-container F0azHf tw-nfl\" tabindex=\"0\">\n<pre id=\"tw-target-text\" class=\"tw-data-text tw-text-large tw-ta\" dir=\"ltr\" data-placeholder=\"Traducci\u00f3n\" data-ved=\"2ahUKEwix1JLU9tKEAxUcfKQEHcmfCXsQ3ewLegQIBRAT\"><span class=\"Y2IQFc\" lang=\"en\">The julmarsa website is structured as described below.\r\nAt the top of the page is the header.<\/span><\/pre>\n<\/div>\n<div id=\"tw-target-rmn-container\" class=\"tw-target-rmn tw-ta-container F0azHf tw-nfl\">\n<pre id=\"tw-target-rmn\" class=\"tw-data-placeholder tw-text-small tw-ta\" dir=\"ltr\" data-placeholder=\"\"><\/pre>\n<\/div>\n<p><img decoding=\"async\" id=\"longdesc-return-19001\" class=\"size-full wp-image-19001\" tabindex=\"-1\" src=\"https:\/\/julmarsa.com\/wp-content\/uploads\/2023\/06\/menu.png\" alt=\"Menu\" width=\"1401\" height=\"210\" longdesc=\"https:\/\/julmarsa.com?longdesc=19001&amp;referrer=17354\" srcset=\"https:\/\/julmarsa.com\/wp-content\/uploads\/2023\/06\/menu-200x30.png 200w, https:\/\/julmarsa.com\/wp-content\/uploads\/2023\/06\/menu-300x45.png 300w, https:\/\/julmarsa.com\/wp-content\/uploads\/2023\/06\/menu-400x60.png 400w, https:\/\/julmarsa.com\/wp-content\/uploads\/2023\/06\/menu-600x90.png 600w, https:\/\/julmarsa.com\/wp-content\/uploads\/2023\/06\/menu-700x105.png 700w, https:\/\/julmarsa.com\/wp-content\/uploads\/2023\/06\/menu-768x115.png 768w, https:\/\/julmarsa.com\/wp-content\/uploads\/2023\/06\/menu-800x120.png 800w, https:\/\/julmarsa.com\/wp-content\/uploads\/2023\/06\/menu-1024x153.png 1024w, https:\/\/julmarsa.com\/wp-content\/uploads\/2023\/06\/menu-1200x180.png 1200w, https:\/\/julmarsa.com\/wp-content\/uploads\/2023\/06\/menu.png 1401w\" sizes=\"(max-width: 1401px) 100vw, 1401px\" \/><\/p>\n<div id=\"tw-target-text-container\" class=\"tw-ta-container F0azHf tw-nfl\" tabindex=\"0\">\n<pre id=\"tw-target-text\" class=\"tw-data-text tw-text-large tw-ta\" dir=\"ltr\" data-placeholder=\"Traducci\u00f3n\" data-ved=\"2ahUKEwix1JLU9tKEAxUcfKQEHcmfCXsQ3ewLegQIBRAT\"><span class=\"Y2IQFc\" lang=\"en\">It has the following features:\r\n\r\nThe julmarsa logo located on the left leads, by clicking on it, to the home page\r\nAt the bottom of the logo begins the navigation menu that allows us to access the different sections of the website.\r\nFollowing these sections of the website, to the right there is an icon with the company's telephone number. In the mobile version you can click on the number to call directly. On PC, if we click, it takes us to the contact section, where there are A contact form available.\r\n\r\nThe main Navigation Menu of the aforementioned website, to the right of the logo, has the following links to these pages of the website:\r\n\r\nCompany, allows access to the page with the presentation of the company and images of the company\r\nProducts, allows you to access the page with the available products\r\nCustom tapes allow us to access a page where we show information about custom tapes.\r\nSectors, allows you to access the page where it shows different sectors where our products can be used.\r\nLocation, shows the location of our company\r\nContact, allows us to access a page with a contact form and location map.\r\n\r\nIn the central part of all pages we find the information of the page.\r\nThe Home page shows a summary of all the sections of the website, it is divided into blocks that link to the sections of the website.\r\nAt the bottom of the page is the footer.<\/span><\/pre>\n<\/div>\n<p><img decoding=\"async\" id=\"longdesc-return-19003\" class=\"size-full wp-image-19003\" tabindex=\"-1\" src=\"https:\/\/julmarsa.com\/wp-content\/uploads\/2023\/06\/footer.png\" alt=\"Footer\" width=\"1400\" height=\"776\" longdesc=\"https:\/\/julmarsa.com?longdesc=19003&amp;referrer=17354\" srcset=\"https:\/\/julmarsa.com\/wp-content\/uploads\/2023\/06\/footer-200x111.png 200w, https:\/\/julmarsa.com\/wp-content\/uploads\/2023\/06\/footer-300x166.png 300w, https:\/\/julmarsa.com\/wp-content\/uploads\/2023\/06\/footer-400x222.png 400w, https:\/\/julmarsa.com\/wp-content\/uploads\/2023\/06\/footer-600x333.png 600w, https:\/\/julmarsa.com\/wp-content\/uploads\/2023\/06\/footer-700x388.png 700w, https:\/\/julmarsa.com\/wp-content\/uploads\/2023\/06\/footer-768x426.png 768w, https:\/\/julmarsa.com\/wp-content\/uploads\/2023\/06\/footer-800x443.png 800w, https:\/\/julmarsa.com\/wp-content\/uploads\/2023\/06\/footer-1024x568.png 1024w, https:\/\/julmarsa.com\/wp-content\/uploads\/2023\/06\/footer-1200x665.png 1200w, https:\/\/julmarsa.com\/wp-content\/uploads\/2023\/06\/footer.png 1400w\" sizes=\"(max-width: 1400px) 100vw, 1400px\" \/><\/p>\n<p>Footer<\/p>\n<p>En el pie de p\u00e1gina nos encontramos diversos enlaces de inter\u00e9s, estando entre ellos el mapa web, que ofrece un esquema de la estructura de las p\u00e1ginas de la web de julmarsa, y la p\u00e1gina de Accesibilidad desde donde puede contactar para quejas y sugerencias.<\/p>\n<p>Tambi\u00e9n aparecen siempre en todas las p\u00e1ginas del web 2 botones flotantes en la parte inferior del web a la derecha, uno con el logo de whatsapp para contactar directamente por whatsapp y otro con icono de accesibilidad, para configurar la visi\u00f3n del web a su gusto: contrastes , tama\u00f1os de letra, \u2026..<\/p>\n<\/div><\/div><\/div><\/div><\/div>\n","protected":false},"excerpt":{"rendered":"","protected":false},"author":1,"featured_media":0,"parent":0,"menu_order":0,"comment_status":"closed","ping_status":"closed","template":"100-width.php","meta":{"footnotes":""},"class_list":["post-20592","page","type-page","status-publish","hentry"],"yoast_head":"<!-- This site is optimized with the Yoast SEO plugin v27.6 - https:\/\/yoast.com\/product\/yoast-seo-wordpress\/ -->\n<title>Accessibility help - Cintas adhesivas Julmarsa<\/title>\n<meta name=\"robots\" content=\"index, follow, max-snippet:-1, max-image-preview:large, max-video-preview:-1\" \/>\n<link rel=\"canonical\" href=\"https:\/\/julmarsa.com\/en\/accessibility-help\/\" \/>\n<meta property=\"og:locale\" content=\"en_US\" \/>\n<meta property=\"og:type\" content=\"article\" \/>\n<meta property=\"og:title\" content=\"Accessibility help - Cintas adhesivas Julmarsa\" \/>\n<meta property=\"og:url\" content=\"https:\/\/julmarsa.com\/en\/accessibility-help\/\" \/>\n<meta property=\"og:site_name\" content=\"Cintas adhesivas Julmarsa\" \/>\n<meta property=\"article:modified_time\" content=\"2024-03-01T12:24:12+00:00\" \/>\n<meta property=\"og:image\" content=\"https:\/\/julmarsa.com\/wp-content\/uploads\/2023\/06\/menu.png\" \/>\n<meta name=\"twitter:card\" content=\"summary_large_image\" \/>\n<meta name=\"twitter:label1\" content=\"Est. reading time\" \/>\n\t<meta name=\"twitter:data1\" content=\"3 minutes\" \/>\n<script type=\"application\/ld+json\" class=\"yoast-schema-graph\">{\"@context\":\"https:\\\/\\\/schema.org\",\"@graph\":[{\"@type\":\"WebPage\",\"@id\":\"https:\\\/\\\/julmarsa.com\\\/en\\\/accessibility-help\\\/\",\"url\":\"https:\\\/\\\/julmarsa.com\\\/en\\\/accessibility-help\\\/\",\"name\":\"Accessibility help - Cintas adhesivas Julmarsa\",\"isPartOf\":{\"@id\":\"https:\\\/\\\/julmarsa.com\\\/en\\\/#website\"},\"primaryImageOfPage\":{\"@id\":\"https:\\\/\\\/julmarsa.com\\\/en\\\/accessibility-help\\\/#primaryimage\"},\"image\":{\"@id\":\"https:\\\/\\\/julmarsa.com\\\/en\\\/accessibility-help\\\/#primaryimage\"},\"thumbnailUrl\":\"https:\\\/\\\/julmarsa.com\\\/wp-content\\\/uploads\\\/2023\\\/06\\\/menu.png\",\"datePublished\":\"2022-12-28T10:49:31+00:00\",\"dateModified\":\"2024-03-01T12:24:12+00:00\",\"breadcrumb\":{\"@id\":\"https:\\\/\\\/julmarsa.com\\\/en\\\/accessibility-help\\\/#breadcrumb\"},\"inLanguage\":\"en-US\",\"potentialAction\":[{\"@type\":\"ReadAction\",\"target\":[\"https:\\\/\\\/julmarsa.com\\\/en\\\/accessibility-help\\\/\"]}]},{\"@type\":\"ImageObject\",\"inLanguage\":\"en-US\",\"@id\":\"https:\\\/\\\/julmarsa.com\\\/en\\\/accessibility-help\\\/#primaryimage\",\"url\":\"https:\\\/\\\/julmarsa.com\\\/wp-content\\\/uploads\\\/2023\\\/06\\\/menu.png\",\"contentUrl\":\"https:\\\/\\\/julmarsa.com\\\/wp-content\\\/uploads\\\/2023\\\/06\\\/menu.png\"},{\"@type\":\"BreadcrumbList\",\"@id\":\"https:\\\/\\\/julmarsa.com\\\/en\\\/accessibility-help\\\/#breadcrumb\",\"itemListElement\":[{\"@type\":\"ListItem\",\"position\":1,\"name\":\"Portada\",\"item\":\"https:\\\/\\\/julmarsa.com\\\/en\\\/\"},{\"@type\":\"ListItem\",\"position\":2,\"name\":\"Accessibility help\"}]},{\"@type\":\"WebSite\",\"@id\":\"https:\\\/\\\/julmarsa.com\\\/en\\\/#website\",\"url\":\"https:\\\/\\\/julmarsa.com\\\/en\\\/\",\"name\":\"Cintas adhesivas Julmarsa\",\"description\":\"Cat\u00e1logo de cintas adhesivas y cintas a medida\",\"potentialAction\":[{\"@type\":\"SearchAction\",\"target\":{\"@type\":\"EntryPoint\",\"urlTemplate\":\"https:\\\/\\\/julmarsa.com\\\/en\\\/?s={search_term_string}\"},\"query-input\":{\"@type\":\"PropertyValueSpecification\",\"valueRequired\":true,\"valueName\":\"search_term_string\"}}],\"inLanguage\":\"en-US\"}]}<\/script>\n<!-- \/ Yoast SEO plugin. -->","yoast_head_json":{"title":"Accessibility help - Cintas adhesivas Julmarsa","robots":{"index":"index","follow":"follow","max-snippet":"max-snippet:-1","max-image-preview":"max-image-preview:large","max-video-preview":"max-video-preview:-1"},"canonical":"https:\/\/julmarsa.com\/en\/accessibility-help\/","og_locale":"en_US","og_type":"article","og_title":"Accessibility help - Cintas adhesivas Julmarsa","og_url":"https:\/\/julmarsa.com\/en\/accessibility-help\/","og_site_name":"Cintas adhesivas Julmarsa","article_modified_time":"2024-03-01T12:24:12+00:00","og_image":[{"url":"https:\/\/julmarsa.com\/wp-content\/uploads\/2023\/06\/menu.png","type":"","width":"","height":""}],"twitter_card":"summary_large_image","twitter_misc":{"Est. reading time":"3 minutes"},"schema":{"@context":"https:\/\/schema.org","@graph":[{"@type":"WebPage","@id":"https:\/\/julmarsa.com\/en\/accessibility-help\/","url":"https:\/\/julmarsa.com\/en\/accessibility-help\/","name":"Accessibility help - Cintas adhesivas Julmarsa","isPartOf":{"@id":"https:\/\/julmarsa.com\/en\/#website"},"primaryImageOfPage":{"@id":"https:\/\/julmarsa.com\/en\/accessibility-help\/#primaryimage"},"image":{"@id":"https:\/\/julmarsa.com\/en\/accessibility-help\/#primaryimage"},"thumbnailUrl":"https:\/\/julmarsa.com\/wp-content\/uploads\/2023\/06\/menu.png","datePublished":"2022-12-28T10:49:31+00:00","dateModified":"2024-03-01T12:24:12+00:00","breadcrumb":{"@id":"https:\/\/julmarsa.com\/en\/accessibility-help\/#breadcrumb"},"inLanguage":"en-US","potentialAction":[{"@type":"ReadAction","target":["https:\/\/julmarsa.com\/en\/accessibility-help\/"]}]},{"@type":"ImageObject","inLanguage":"en-US","@id":"https:\/\/julmarsa.com\/en\/accessibility-help\/#primaryimage","url":"https:\/\/julmarsa.com\/wp-content\/uploads\/2023\/06\/menu.png","contentUrl":"https:\/\/julmarsa.com\/wp-content\/uploads\/2023\/06\/menu.png"},{"@type":"BreadcrumbList","@id":"https:\/\/julmarsa.com\/en\/accessibility-help\/#breadcrumb","itemListElement":[{"@type":"ListItem","position":1,"name":"Portada","item":"https:\/\/julmarsa.com\/en\/"},{"@type":"ListItem","position":2,"name":"Accessibility help"}]},{"@type":"WebSite","@id":"https:\/\/julmarsa.com\/en\/#website","url":"https:\/\/julmarsa.com\/en\/","name":"Cintas adhesivas Julmarsa","description":"Cat\u00e1logo de cintas adhesivas y cintas a medida","potentialAction":[{"@type":"SearchAction","target":{"@type":"EntryPoint","urlTemplate":"https:\/\/julmarsa.com\/en\/?s={search_term_string}"},"query-input":{"@type":"PropertyValueSpecification","valueRequired":true,"valueName":"search_term_string"}}],"inLanguage":"en-US"}]}},"_links":{"self":[{"href":"https:\/\/julmarsa.com\/en\/wp-json\/wp\/v2\/pages\/20592","targetHints":{"allow":["GET"]}}],"collection":[{"href":"https:\/\/julmarsa.com\/en\/wp-json\/wp\/v2\/pages"}],"about":[{"href":"https:\/\/julmarsa.com\/en\/wp-json\/wp\/v2\/types\/page"}],"author":[{"embeddable":true,"href":"https:\/\/julmarsa.com\/en\/wp-json\/wp\/v2\/users\/1"}],"replies":[{"embeddable":true,"href":"https:\/\/julmarsa.com\/en\/wp-json\/wp\/v2\/comments?post=20592"}],"version-history":[{"count":1,"href":"https:\/\/julmarsa.com\/en\/wp-json\/wp\/v2\/pages\/20592\/revisions"}],"predecessor-version":[{"id":20593,"href":"https:\/\/julmarsa.com\/en\/wp-json\/wp\/v2\/pages\/20592\/revisions\/20593"}],"wp:attachment":[{"href":"https:\/\/julmarsa.com\/en\/wp-json\/wp\/v2\/media?parent=20592"}],"curies":[{"name":"wp","href":"https:\/\/api.w.org\/{rel}","templated":true}]}}